{"id":1640,"date":"2023-03-03T15:43:41","date_gmt":"2023-03-03T18:43:41","guid":{"rendered":"https:\/\/frisulindustria.com.br\/loja\/carrinho\/"},"modified":"2023-04-04T13:46:07","modified_gmt":"2023-04-04T16:46:07","slug":"carrinho","status":"publish","type":"page","link":"https:\/\/frisulindustria.com.br\/loja\/carrinho\/","title":{"rendered":"Carrinho"},"content":{"rendered":"\t\t<div data-elementor-type=\"wp-page\" data-elementor-id=\"1640\" class=\"elementor elementor-1640\" data-elementor-post-type=\"page\">\n\t\t\t\t\t\t\t\t\t<section class=\"elementor-section elementor-top-section elementor-element elementor-element-5f0c6e51 elementor-section-boxed elementor-section-height-default elementor-section-height-default\" data-id=\"5f0c6e51\" data-element_type=\"section\" data-settings=\"{&quot;jet_parallax_layout_list&quot;:[]}\">\n\t\t\t\t\t\t<div class=\"elementor-container elementor-column-gap-default\">\n\t\t\t\t\t<div class=\"elementor-column elementor-col-100 elementor-top-column elementor-element elementor-element-78992c5a\" data-id=\"78992c5a\" data-element_type=\"column\">\n\t\t\t<div class=\"elementor-widget-wrap elementor-element-populated\">\n\t\t\t\t\t\t\t\t\t<\/div>\n\t\t<\/div>\n\t\t\t\t\t\t\t<\/div>\n\t\t<\/section>\n\t\t\t\t<section class=\"elementor-section elementor-top-section elementor-element elementor-element-d0dab78 elementor-section-boxed elementor-section-height-default elementor-section-height-default\" data-id=\"d0dab78\" data-element_type=\"section\" data-settings=\"{&quot;jet_parallax_layout_list&quot;:[]}\">\n\t\t\t\t\t\t<div class=\"elementor-container elementor-column-gap-default\">\n\t\t\t\t\t<div class=\"elementor-column elementor-col-66 elementor-top-column elementor-element elementor-element-9ae518b\" data-id=\"9ae518b\" data-element_type=\"column\">\n\t\t\t<div class=\"elementor-widget-wrap\">\n\t\t\t\t\t\t\t\t\t<\/div>\n\t\t<\/div>\n\t\t\t\t<div class=\"elementor-column elementor-col-33 elementor-top-column elementor-element elementor-element-6ea008c\" data-id=\"6ea008c\" data-element_type=\"column\">\n\t\t\t<div class=\"elementor-widget-wrap elementor-element-populated\">\n\t\t\t\t\t\t\t\t<div class=\"elementor-element elementor-element-236cf16 elementor-widget elementor-widget-text-editor\" data-id=\"236cf16\" data-element_type=\"widget\" data-widget_type=\"text-editor.default\">\n\t\t\t\t<div class=\"elementor-widget-container\">\n\t\t\t<style>\/*! elementor - v3.16.0 - 20-09-2023 *\/\n.elementor-widget-text-editor.elementor-drop-cap-view-stacked .elementor-drop-cap{background-color:#69727d;color:#fff}.elementor-widget-text-editor.elementor-drop-cap-view-framed .elementor-drop-cap{color:#69727d;border:3px solid;background-color:transparent}.elementor-widget-text-editor:not(.elementor-drop-cap-view-default) .elementor-drop-cap{margin-top:8px}.elementor-widget-text-editor:not(.elementor-drop-cap-view-default) .elementor-drop-cap-letter{width:1em;height:1em}.elementor-widget-text-editor .elementor-drop-cap{float:left;text-align:center;line-height:1;font-size:50px}.elementor-widget-text-editor .elementor-drop-cap-letter{display:inline-block}<\/style>\t\t\t\t<p>&#8211; OU &#8211;<\/p>\t\t\t\t\t\t<\/div>\n\t\t\t\t<\/div>\n\t\t\t\t<div class=\"elementor-element elementor-element-64fc582 elementor-align-justify elementor-widget elementor-widget-button\" data-id=\"64fc582\" data-element_type=\"widget\" data-widget_type=\"button.default\">\n\t\t\t\t<div class=\"elementor-widget-container\">\n\t\t\t\t\t<div class=\"elementor-button-wrapper\">\n\t\t\t<a class=\"elementor-button elementor-button-link elementor-size-sm\" href=\"https:\/\/frisulindustria.com.br\/loja\">\n\t\t\t\t\t\t<span class=\"elementor-button-content-wrapper\">\n\t\t\t\t\t\t<span class=\"elementor-button-text\">Continuar comprando<\/span>\n\t\t<\/span>\n\t\t\t\t\t<\/a>\n\t\t<\/div>\n\t\t\t\t<\/div>\n\t\t\t\t<\/div>\n\t\t\t\t\t<\/div>\n\t\t<\/div>\n\t\t\t\t\t\t\t<\/div>\n\t\t<\/section>\n\t\t\t\t\t\t\t<\/div>\n\t\t","protected":false},"excerpt":{"rendered":"<p>Remover item Imagem de miniatura Produto Pre\u00e7o Quantidade Subtotal &times; Mesa com Cuba &#82;&#36;&nbsp;45,50 Mesa com Cuba quantidade &#82;&#36;&nbsp;136,50 &times; Separador de Check-out &#82;&#36;&nbsp;4.500,00 Separador de Check-out quantidade &#82;&#36;&nbsp;13.500,00 Atualizar o carrinho Aplicar cupom Total no carrinho Subtotal &#82;&#36;&nbsp;13.636,50 Entrega Frete gr\u00e1tis Entrega para Rio Grande do Sul, 99025-170. Mudar endere\u00e7o Pa\u00eds \/ regi\u00e3o: Selecione [&hellip;]<\/p>\n","protected":false},"author":1,"featured_media":0,"parent":0,"menu_order":0,"comment_status":"closed","ping_status":"closed","template":"","meta":{"footnotes":""},"class_list":["post-1640","page","type-page","status-publish","hentry"],"yoast_head":"<!-- This site is optimized with the Yoast SEO plugin v22.6 - https:\/\/yoast.com\/wordpress\/plugins\/seo\/ -->\n<title>Carrinho - Frisul Equipamentos Frigor\u00edficos | Especialista em INOX<\/title>\n<meta name=\"robots\" content=\"index, follow, max-snippet:-1, max-image-preview:large, max-video-preview:-1\" \/>\n<link rel=\"canonical\" href=\"https:\/\/frisulindustria.com.br\/loja\/carrinho\/\" \/>\n<meta property=\"og:locale\" content=\"pt_BR\" \/>\n<meta property=\"og:type\" content=\"article\" \/>\n<meta property=\"og:title\" content=\"Carrinho - Frisul Equipamentos Frigor\u00edficos | Especialista em INOX\" \/>\n<meta property=\"og:description\" content=\"Remover item Imagem de miniatura Produto Pre\u00e7o Quantidade Subtotal &times; Mesa com Cuba &#082;&#036;&nbsp;45,50 Mesa com Cuba quantidade &#082;&#036;&nbsp;136,50 &times; Separador de Check-out &#082;&#036;&nbsp;4.500,00 Separador de Check-out quantidade &#082;&#036;&nbsp;13.500,00 Atualizar o carrinho Aplicar cupom Total no carrinho Subtotal &#082;&#036;&nbsp;13.636,50 Entrega Frete gr\u00e1tis Entrega para Rio Grande do Sul, 99025-170. Mudar endere\u00e7o Pa\u00eds \/ regi\u00e3o: Selecione [&hellip;]\" \/>\n<meta property=\"og:url\" content=\"https:\/\/frisulindustria.com.br\/loja\/carrinho\/\" \/>\n<meta property=\"og:site_name\" content=\"Frisul Equipamentos Frigor\u00edficos | Especialista em INOX\" \/>\n<meta property=\"article:publisher\" content=\"https:\/\/www.facebook.com\/Frisul\" \/>\n<meta property=\"article:modified_time\" content=\"2023-04-04T16:46:07+00:00\" \/>\n<meta property=\"og:image\" content=\"https:\/\/frisulindustria.com.br\/loja\/wp-content\/uploads\/2022\/09\/mesa-com-cuba--300x300.png\" \/>\n<meta name=\"twitter:card\" content=\"summary_large_image\" \/>\n<meta name=\"twitter:label1\" content=\"Est. tempo de leitura\" \/>\n\t<meta name=\"twitter:data1\" content=\"4 minutos\" \/>\n<script type=\"application\/ld+json\" class=\"yoast-schema-graph\">{\"@context\":\"https:\/\/schema.org\",\"@graph\":[{\"@type\":\"WebPage\",\"@id\":\"https:\/\/frisulindustria.com.br\/loja\/carrinho\/\",\"url\":\"https:\/\/frisulindustria.com.br\/loja\/carrinho\/\",\"name\":\"Carrinho - Frisul Equipamentos Frigor\u00edficos | Especialista em INOX\",\"isPartOf\":{\"@id\":\"https:\/\/frisulindustria.com.br\/loja\/#website\"},\"primaryImageOfPage\":{\"@id\":\"https:\/\/frisulindustria.com.br\/loja\/carrinho\/#primaryimage\"},\"image\":{\"@id\":\"https:\/\/frisulindustria.com.br\/loja\/carrinho\/#primaryimage\"},\"thumbnailUrl\":\"https:\/\/frisulindustria.com.br\/loja\/wp-content\/uploads\/2022\/09\/mesa-com-cuba--300x300.png\",\"datePublished\":\"2023-03-03T18:43:41+00:00\",\"dateModified\":\"2023-04-04T16:46:07+00:00\",\"breadcrumb\":{\"@id\":\"https:\/\/frisulindustria.com.br\/loja\/carrinho\/#breadcrumb\"},\"inLanguage\":\"pt-BR\",\"potentialAction\":[{\"@type\":\"ReadAction\",\"target\":[\"https:\/\/frisulindustria.com.br\/loja\/carrinho\/\"]}]},{\"@type\":\"ImageObject\",\"inLanguage\":\"pt-BR\",\"@id\":\"https:\/\/frisulindustria.com.br\/loja\/carrinho\/#primaryimage\",\"url\":\"https:\/\/frisulindustria.com.br\/loja\/wp-content\/uploads\/2022\/09\/mesa-com-cuba-.png\",\"contentUrl\":\"https:\/\/frisulindustria.com.br\/loja\/wp-content\/uploads\/2022\/09\/mesa-com-cuba-.png\",\"width\":398,\"height\":575},{\"@type\":\"BreadcrumbList\",\"@id\":\"https:\/\/frisulindustria.com.br\/loja\/carrinho\/#breadcrumb\",\"itemListElement\":[{\"@type\":\"ListItem\",\"position\":1,\"name\":\"In\u00edcio\",\"item\":\"https:\/\/frisulindustria.com.br\/loja\/\"},{\"@type\":\"ListItem\",\"position\":2,\"name\":\"Carrinho\"}]},{\"@type\":\"WebSite\",\"@id\":\"https:\/\/frisulindustria.com.br\/loja\/#website\",\"url\":\"https:\/\/frisulindustria.com.br\/loja\/\",\"name\":\"Frisul Equipamentos Frigor\u00edficos | Especialista em INOX\",\"description\":\"\",\"publisher\":{\"@id\":\"https:\/\/frisulindustria.com.br\/loja\/#organization\"},\"potentialAction\":[{\"@type\":\"SearchAction\",\"target\":{\"@type\":\"EntryPoint\",\"urlTemplate\":\"https:\/\/frisulindustria.com.br\/loja\/?s={search_term_string}\"},\"query-input\":\"required name=search_term_string\"}],\"inLanguage\":\"pt-BR\"},{\"@type\":\"Organization\",\"@id\":\"https:\/\/frisulindustria.com.br\/loja\/#organization\",\"name\":\"Frisul Equipamentos Frigor\u00edficos\",\"url\":\"https:\/\/frisulindustria.com.br\/loja\/\",\"logo\":{\"@type\":\"ImageObject\",\"inLanguage\":\"pt-BR\",\"@id\":\"https:\/\/frisulindustria.com.br\/loja\/#\/schema\/logo\/image\/\",\"url\":\"https:\/\/frisulindustria.com.br\/wp-content\/uploads\/2022\/06\/0oackkmtt72.png\",\"contentUrl\":\"https:\/\/frisulindustria.com.br\/wp-content\/uploads\/2022\/06\/0oackkmtt72.png\",\"width\":730,\"height\":172,\"caption\":\"Frisul Equipamentos Frigor\u00edficos\"},\"image\":{\"@id\":\"https:\/\/frisulindustria.com.br\/loja\/#\/schema\/logo\/image\/\"},\"sameAs\":[\"https:\/\/www.facebook.com\/Frisul\",\"https:\/\/www.instagram.com\/frisulindustria\/\"]}]}<\/script>\n<!-- \/ Yoast SEO plugin. -->","yoast_head_json":{"title":"Carrinho - Frisul Equipamentos Frigor\u00edficos | Especialista em INOX","robots":{"index":"index","follow":"follow","max-snippet":"max-snippet:-1","max-image-preview":"max-image-preview:large","max-video-preview":"max-video-preview:-1"},"canonical":"https:\/\/frisulindustria.com.br\/loja\/carrinho\/","og_locale":"pt_BR","og_type":"article","og_title":"Carrinho - Frisul Equipamentos Frigor\u00edficos | Especialista em INOX","og_description":"Remover item Imagem de miniatura Produto Pre\u00e7o Quantidade Subtotal &times; Mesa com Cuba &#82;&#36;&nbsp;45,50 Mesa com Cuba quantidade &#82;&#36;&nbsp;136,50 &times; Separador de Check-out &#82;&#36;&nbsp;4.500,00 Separador de Check-out quantidade &#82;&#36;&nbsp;13.500,00 Atualizar o carrinho Aplicar cupom Total no carrinho Subtotal &#82;&#36;&nbsp;13.636,50 Entrega Frete gr\u00e1tis Entrega para Rio Grande do Sul, 99025-170. Mudar endere\u00e7o Pa\u00eds \/ regi\u00e3o: Selecione [&hellip;]","og_url":"https:\/\/frisulindustria.com.br\/loja\/carrinho\/","og_site_name":"Frisul Equipamentos Frigor\u00edficos | Especialista em INOX","article_publisher":"https:\/\/www.facebook.com\/Frisul","article_modified_time":"2023-04-04T16:46:07+00:00","og_image":[{"url":"https:\/\/frisulindustria.com.br\/loja\/wp-content\/uploads\/2022\/09\/mesa-com-cuba--300x300.png"}],"twitter_card":"summary_large_image","twitter_misc":{"Est. tempo de leitura":"4 minutos"},"schema":{"@context":"https:\/\/schema.org","@graph":[{"@type":"WebPage","@id":"https:\/\/frisulindustria.com.br\/loja\/carrinho\/","url":"https:\/\/frisulindustria.com.br\/loja\/carrinho\/","name":"Carrinho - Frisul Equipamentos Frigor\u00edficos | Especialista em INOX","isPartOf":{"@id":"https:\/\/frisulindustria.com.br\/loja\/#website"},"primaryImageOfPage":{"@id":"https:\/\/frisulindustria.com.br\/loja\/carrinho\/#primaryimage"},"image":{"@id":"https:\/\/frisulindustria.com.br\/loja\/carrinho\/#primaryimage"},"thumbnailUrl":"https:\/\/frisulindustria.com.br\/loja\/wp-content\/uploads\/2022\/09\/mesa-com-cuba--300x300.png","datePublished":"2023-03-03T18:43:41+00:00","dateModified":"2023-04-04T16:46:07+00:00","breadcrumb":{"@id":"https:\/\/frisulindustria.com.br\/loja\/carrinho\/#breadcrumb"},"inLanguage":"pt-BR","potentialAction":[{"@type":"ReadAction","target":["https:\/\/frisulindustria.com.br\/loja\/carrinho\/"]}]},{"@type":"ImageObject","inLanguage":"pt-BR","@id":"https:\/\/frisulindustria.com.br\/loja\/carrinho\/#primaryimage","url":"https:\/\/frisulindustria.com.br\/loja\/wp-content\/uploads\/2022\/09\/mesa-com-cuba-.png","contentUrl":"https:\/\/frisulindustria.com.br\/loja\/wp-content\/uploads\/2022\/09\/mesa-com-cuba-.png","width":398,"height":575},{"@type":"BreadcrumbList","@id":"https:\/\/frisulindustria.com.br\/loja\/carrinho\/#breadcrumb","itemListElement":[{"@type":"ListItem","position":1,"name":"In\u00edcio","item":"https:\/\/frisulindustria.com.br\/loja\/"},{"@type":"ListItem","position":2,"name":"Carrinho"}]},{"@type":"WebSite","@id":"https:\/\/frisulindustria.com.br\/loja\/#website","url":"https:\/\/frisulindustria.com.br\/loja\/","name":"Frisul Equipamentos Frigor\u00edficos | Especialista em INOX","description":"","publisher":{"@id":"https:\/\/frisulindustria.com.br\/loja\/#organization"},"potentialAction":[{"@type":"SearchAction","target":{"@type":"EntryPoint","urlTemplate":"https:\/\/frisulindustria.com.br\/loja\/?s={search_term_string}"},"query-input":"required name=search_term_string"}],"inLanguage":"pt-BR"},{"@type":"Organization","@id":"https:\/\/frisulindustria.com.br\/loja\/#organization","name":"Frisul Equipamentos Frigor\u00edficos","url":"https:\/\/frisulindustria.com.br\/loja\/","logo":{"@type":"ImageObject","inLanguage":"pt-BR","@id":"https:\/\/frisulindustria.com.br\/loja\/#\/schema\/logo\/image\/","url":"https:\/\/frisulindustria.com.br\/wp-content\/uploads\/2022\/06\/0oackkmtt72.png","contentUrl":"https:\/\/frisulindustria.com.br\/wp-content\/uploads\/2022\/06\/0oackkmtt72.png","width":730,"height":172,"caption":"Frisul Equipamentos Frigor\u00edficos"},"image":{"@id":"https:\/\/frisulindustria.com.br\/loja\/#\/schema\/logo\/image\/"},"sameAs":["https:\/\/www.facebook.com\/Frisul","https:\/\/www.instagram.com\/frisulindustria\/"]}]}},"_links":{"self":[{"href":"https:\/\/frisulindustria.com.br\/loja\/wp-json\/wp\/v2\/pages\/1640","targetHints":{"allow":["GET"]}}],"collection":[{"href":"https:\/\/frisulindustria.com.br\/loja\/wp-json\/wp\/v2\/pages"}],"about":[{"href":"https:\/\/frisulindustria.com.br\/loja\/wp-json\/wp\/v2\/types\/page"}],"author":[{"embeddable":true,"href":"https:\/\/frisulindustria.com.br\/loja\/wp-json\/wp\/v2\/users\/1"}],"replies":[{"embeddable":true,"href":"https:\/\/frisulindustria.com.br\/loja\/wp-json\/wp\/v2\/comments?post=1640"}],"version-history":[{"count":12,"href":"https:\/\/frisulindustria.com.br\/loja\/wp-json\/wp\/v2\/pages\/1640\/revisions"}],"predecessor-version":[{"id":1772,"href":"https:\/\/frisulindustria.com.br\/loja\/wp-json\/wp\/v2\/pages\/1640\/revisions\/1772"}],"wp:attachment":[{"href":"https:\/\/frisulindustria.com.br\/loja\/wp-json\/wp\/v2\/media?parent=1640"}],"curies":[{"name":"wp","href":"https:\/\/api.w.org\/{rel}","templated":true}]}}