{"id":1642,"date":"2023-03-03T15:43:43","date_gmt":"2023-03-03T18:43:43","guid":{"rendered":"https:\/\/frisulindustria.com.br\/loja\/minha-conta\/"},"modified":"2023-04-17T15:17:17","modified_gmt":"2023-04-17T18:17:17","slug":"minha-conta","status":"publish","type":"page","link":"https:\/\/frisulindustria.com.br\/loja\/minha-conta\/","title":{"rendered":"Minha conta"},"content":{"rendered":"\t\t<div data-elementor-type=\"wp-page\" data-elementor-id=\"1642\" class=\"elementor elementor-1642\" data-elementor-post-type=\"page\">\n\t\t\t\t\t\t\t\t\t<section class=\"elementor-section elementor-top-section elementor-element elementor-element-493881a elementor-section-boxed elementor-section-height-default elementor-section-height-default\" data-id=\"493881a\" data-element_type=\"section\" data-settings=\"{&quot;jet_parallax_layout_list&quot;:[]}\">\n\t\t\t\t\t\t<div class=\"elementor-container elementor-column-gap-default\">\n\t\t\t\t\t<div class=\"elementor-column elementor-col-100 elementor-top-column elementor-element elementor-element-8fff840\" data-id=\"8fff840\" data-element_type=\"column\">\n\t\t\t<div class=\"elementor-widget-wrap elementor-element-populated\">\n\t\t\t\t\t\t\t\t<div class=\"elementor-element elementor-element-48ebed4 e-my-account-tabs-horizontal elementor-widget elementor-widget-woocommerce-my-account\" data-id=\"48ebed4\" data-element_type=\"widget\" data-widget_type=\"woocommerce-my-account.default\">\n\t\t\t\t<div class=\"elementor-widget-container\">\n\t\t\t<link rel=\"stylesheet\" href=\"https:\/\/frisulindustria.com.br\/loja\/wp-content\/plugins\/elementor-pro\/assets\/css\/widget-woocommerce.min.css\"><div class=\"e-my-account-tab e-my-account-tab__ \">\t\t\t<span class=\"elementor-hidden\">[woocommerce_my_account]<\/span>\n\t\t\t<div class=\"woocommerce\"><\/div>\t\t<\/div>\n\t\t\t\t<\/div>\n\t\t\t\t<\/div>\n\t\t\t\t<div class=\"elementor-element elementor-element-185356c elementor-widget elementor-widget-spacer\" data-id=\"185356c\" data-element_type=\"widget\" data-widget_type=\"spacer.default\">\n\t\t\t\t<div class=\"elementor-widget-container\">\n\t\t\t<style>\/*! elementor - v3.16.0 - 20-09-2023 *\/\n.elementor-column .elementor-spacer-inner{height:var(--spacer-size)}.e-con{--container-widget-width:100%}.e-con-inner>.elementor-widget-spacer,.e-con>.elementor-widget-spacer{width:var(--container-widget-width,var(--spacer-size));--align-self:var(--container-widget-align-self,initial);--flex-shrink:0}.e-con-inner>.elementor-widget-spacer>.elementor-widget-container,.e-con>.elementor-widget-spacer>.elementor-widget-container{height:100%;width:100%}.e-con-inner>.elementor-widget-spacer>.elementor-widget-container>.elementor-spacer,.e-con>.elementor-widget-spacer>.elementor-widget-container>.elementor-spacer{height:100%}.e-con-inner>.elementor-widget-spacer>.elementor-widget-container>.elementor-spacer>.elementor-spacer-inner,.e-con>.elementor-widget-spacer>.elementor-widget-container>.elementor-spacer>.elementor-spacer-inner{height:var(--container-widget-height,var(--spacer-size))}.e-con-inner>.elementor-widget-spacer.elementor-widget-empty,.e-con>.elementor-widget-spacer.elementor-widget-empty{position:relative;min-height:22px;min-width:22px}.e-con-inner>.elementor-widget-spacer.elementor-widget-empty .elementor-widget-empty-icon,.e-con>.elementor-widget-spacer.elementor-widget-empty .elementor-widget-empty-icon{position:absolute;top:0;bottom:0;left:0;right:0;margin:auto;padding:0;width:22px;height:22px}<\/style>\t\t<div class=\"elementor-spacer\">\n\t\t\t<div class=\"elementor-spacer-inner\"><\/div>\n\t\t<\/div>\n\t\t\t\t<\/div>\n\t\t\t\t<\/div>\n\t\t\t\t\t<\/div>\n\t\t<\/div>\n\t\t\t\t\t\t\t<\/div>\n\t\t<\/section>\n\t\t\t\t\t\t\t<\/div>\n\t\t","protected":false},"excerpt":{"rendered":"<p>Painel de Controle Pedidos Downloads Endere\u00e7os Detalhes da conta Sair Painel de Controle Pedidos Downloads Endere\u00e7os Detalhes da conta Sair Painel de Controle Pedidos Downloads Endere\u00e7os Detalhes da conta Sair Painel de Controle Pedidos Downloads Endere\u00e7os Detalhes da conta Sair Ol\u00e1, Master (n\u00e3o \u00e9 Master? Sair) A partir do painel de controle de sua conta, [&hellip;]<\/p>\n","protected":false},"author":1,"featured_media":0,"parent":0,"menu_order":0,"comment_status":"closed","ping_status":"closed","template":"","meta":{"footnotes":""},"class_list":["post-1642","page","type-page","status-publish","hentry"],"yoast_head":"<!-- This site is optimized with the Yoast SEO plugin v22.6 - https:\/\/yoast.com\/wordpress\/plugins\/seo\/ -->\n<title>Minha conta - Frisul Equipamentos Frigor\u00edficos | Especialista em INOX<\/title>\n<meta name=\"robots\" content=\"index, follow, max-snippet:-1, max-image-preview:large, max-video-preview:-1\" \/>\n<link rel=\"canonical\" href=\"https:\/\/frisulindustria.com.br\/loja\/minha-conta\/\" \/>\n<meta property=\"og:locale\" content=\"pt_BR\" \/>\n<meta property=\"og:type\" content=\"article\" \/>\n<meta property=\"og:title\" content=\"Minha conta - Frisul Equipamentos Frigor\u00edficos | Especialista em INOX\" \/>\n<meta property=\"og:description\" content=\"Painel de Controle Pedidos Downloads Endere\u00e7os Detalhes da conta Sair Painel de Controle Pedidos Downloads Endere\u00e7os Detalhes da conta Sair Painel de Controle Pedidos Downloads Endere\u00e7os Detalhes da conta Sair Painel de Controle Pedidos Downloads Endere\u00e7os Detalhes da conta Sair Ol\u00e1, Master (n\u00e3o \u00e9 Master? Sair) A partir do painel de controle de sua conta, [&hellip;]\" \/>\n<meta property=\"og:url\" content=\"https:\/\/frisulindustria.com.br\/loja\/minha-conta\/\" \/>\n<meta property=\"og:site_name\" content=\"Frisul Equipamentos Frigor\u00edficos | Especialista em INOX\" \/>\n<meta property=\"article:publisher\" content=\"https:\/\/www.facebook.com\/Frisul\" \/>\n<meta property=\"article:modified_time\" content=\"2023-04-17T18:17:17+00:00\" \/>\n<meta name=\"twitter:card\" content=\"summary_large_image\" \/>\n<meta name=\"twitter:label1\" content=\"Est. tempo de leitura\" \/>\n\t<meta name=\"twitter:data1\" content=\"1 minuto\" \/>\n<script type=\"application\/ld+json\" class=\"yoast-schema-graph\">{\"@context\":\"https:\/\/schema.org\",\"@graph\":[{\"@type\":\"WebPage\",\"@id\":\"https:\/\/frisulindustria.com.br\/loja\/minha-conta\/\",\"url\":\"https:\/\/frisulindustria.com.br\/loja\/minha-conta\/\",\"name\":\"Minha conta - Frisul Equipamentos Frigor\u00edficos | Especialista em INOX\",\"isPartOf\":{\"@id\":\"https:\/\/frisulindustria.com.br\/loja\/#website\"},\"datePublished\":\"2023-03-03T18:43:43+00:00\",\"dateModified\":\"2023-04-17T18:17:17+00:00\",\"breadcrumb\":{\"@id\":\"https:\/\/frisulindustria.com.br\/loja\/minha-conta\/#breadcrumb\"},\"inLanguage\":\"pt-BR\",\"potentialAction\":[{\"@type\":\"ReadAction\",\"target\":[\"https:\/\/frisulindustria.com.br\/loja\/minha-conta\/\"]}]},{\"@type\":\"BreadcrumbList\",\"@id\":\"https:\/\/frisulindustria.com.br\/loja\/minha-conta\/#breadcrumb\",\"itemListElement\":[{\"@type\":\"ListItem\",\"position\":1,\"name\":\"In\u00edcio\",\"item\":\"https:\/\/frisulindustria.com.br\/loja\/\"},{\"@type\":\"ListItem\",\"position\":2,\"name\":\"Minha conta\"}]},{\"@type\":\"WebSite\",\"@id\":\"https:\/\/frisulindustria.com.br\/loja\/#website\",\"url\":\"https:\/\/frisulindustria.com.br\/loja\/\",\"name\":\"Frisul Equipamentos Frigor\u00edficos | Especialista em INOX\",\"description\":\"\",\"publisher\":{\"@id\":\"https:\/\/frisulindustria.com.br\/loja\/#organization\"},\"potentialAction\":[{\"@type\":\"SearchAction\",\"target\":{\"@type\":\"EntryPoint\",\"urlTemplate\":\"https:\/\/frisulindustria.com.br\/loja\/?s={search_term_string}\"},\"query-input\":\"required name=search_term_string\"}],\"inLanguage\":\"pt-BR\"},{\"@type\":\"Organization\",\"@id\":\"https:\/\/frisulindustria.com.br\/loja\/#organization\",\"name\":\"Frisul Equipamentos Frigor\u00edficos\",\"url\":\"https:\/\/frisulindustria.com.br\/loja\/\",\"logo\":{\"@type\":\"ImageObject\",\"inLanguage\":\"pt-BR\",\"@id\":\"https:\/\/frisulindustria.com.br\/loja\/#\/schema\/logo\/image\/\",\"url\":\"https:\/\/frisulindustria.com.br\/wp-content\/uploads\/2022\/06\/0oackkmtt72.png\",\"contentUrl\":\"https:\/\/frisulindustria.com.br\/wp-content\/uploads\/2022\/06\/0oackkmtt72.png\",\"width\":730,\"height\":172,\"caption\":\"Frisul Equipamentos Frigor\u00edficos\"},\"image\":{\"@id\":\"https:\/\/frisulindustria.com.br\/loja\/#\/schema\/logo\/image\/\"},\"sameAs\":[\"https:\/\/www.facebook.com\/Frisul\",\"https:\/\/www.instagram.com\/frisulindustria\/\"]}]}<\/script>\n<!-- \/ Yoast SEO plugin. -->","yoast_head_json":{"title":"Minha conta - Frisul Equipamentos Frigor\u00edficos | Especialista em INOX","robots":{"index":"index","follow":"follow","max-snippet":"max-snippet:-1","max-image-preview":"max-image-preview:large","max-video-preview":"max-video-preview:-1"},"canonical":"https:\/\/frisulindustria.com.br\/loja\/minha-conta\/","og_locale":"pt_BR","og_type":"article","og_title":"Minha conta - Frisul Equipamentos Frigor\u00edficos | Especialista em INOX","og_description":"Painel de Controle Pedidos Downloads Endere\u00e7os Detalhes da conta Sair Painel de Controle Pedidos Downloads Endere\u00e7os Detalhes da conta Sair Painel de Controle Pedidos Downloads Endere\u00e7os Detalhes da conta Sair Painel de Controle Pedidos Downloads Endere\u00e7os Detalhes da conta Sair Ol\u00e1, Master (n\u00e3o \u00e9 Master? Sair) A partir do painel de controle de sua conta, [&hellip;]","og_url":"https:\/\/frisulindustria.com.br\/loja\/minha-conta\/","og_site_name":"Frisul Equipamentos Frigor\u00edficos | Especialista em INOX","article_publisher":"https:\/\/www.facebook.com\/Frisul","article_modified_time":"2023-04-17T18:17:17+00:00","twitter_card":"summary_large_image","twitter_misc":{"Est. tempo de leitura":"1 minuto"},"schema":{"@context":"https:\/\/schema.org","@graph":[{"@type":"WebPage","@id":"https:\/\/frisulindustria.com.br\/loja\/minha-conta\/","url":"https:\/\/frisulindustria.com.br\/loja\/minha-conta\/","name":"Minha conta - Frisul Equipamentos Frigor\u00edficos | Especialista em INOX","isPartOf":{"@id":"https:\/\/frisulindustria.com.br\/loja\/#website"},"datePublished":"2023-03-03T18:43:43+00:00","dateModified":"2023-04-17T18:17:17+00:00","breadcrumb":{"@id":"https:\/\/frisulindustria.com.br\/loja\/minha-conta\/#breadcrumb"},"inLanguage":"pt-BR","potentialAction":[{"@type":"ReadAction","target":["https:\/\/frisulindustria.com.br\/loja\/minha-conta\/"]}]},{"@type":"BreadcrumbList","@id":"https:\/\/frisulindustria.com.br\/loja\/minha-conta\/#breadcrumb","itemListElement":[{"@type":"ListItem","position":1,"name":"In\u00edcio","item":"https:\/\/frisulindustria.com.br\/loja\/"},{"@type":"ListItem","position":2,"name":"Minha conta"}]},{"@type":"WebSite","@id":"https:\/\/frisulindustria.com.br\/loja\/#website","url":"https:\/\/frisulindustria.com.br\/loja\/","name":"Frisul Equipamentos Frigor\u00edficos | Especialista em INOX","description":"","publisher":{"@id":"https:\/\/frisulindustria.com.br\/loja\/#organization"},"potentialAction":[{"@type":"SearchAction","target":{"@type":"EntryPoint","urlTemplate":"https:\/\/frisulindustria.com.br\/loja\/?s={search_term_string}"},"query-input":"required name=search_term_string"}],"inLanguage":"pt-BR"},{"@type":"Organization","@id":"https:\/\/frisulindustria.com.br\/loja\/#organization","name":"Frisul Equipamentos Frigor\u00edficos","url":"https:\/\/frisulindustria.com.br\/loja\/","logo":{"@type":"ImageObject","inLanguage":"pt-BR","@id":"https:\/\/frisulindustria.com.br\/loja\/#\/schema\/logo\/image\/","url":"https:\/\/frisulindustria.com.br\/wp-content\/uploads\/2022\/06\/0oackkmtt72.png","contentUrl":"https:\/\/frisulindustria.com.br\/wp-content\/uploads\/2022\/06\/0oackkmtt72.png","width":730,"height":172,"caption":"Frisul Equipamentos Frigor\u00edficos"},"image":{"@id":"https:\/\/frisulindustria.com.br\/loja\/#\/schema\/logo\/image\/"},"sameAs":["https:\/\/www.facebook.com\/Frisul","https:\/\/www.instagram.com\/frisulindustria\/"]}]}},"_links":{"self":[{"href":"https:\/\/frisulindustria.com.br\/loja\/wp-json\/wp\/v2\/pages\/1642","targetHints":{"allow":["GET"]}}],"collection":[{"href":"https:\/\/frisulindustria.com.br\/loja\/wp-json\/wp\/v2\/pages"}],"about":[{"href":"https:\/\/frisulindustria.com.br\/loja\/wp-json\/wp\/v2\/types\/page"}],"author":[{"embeddable":true,"href":"https:\/\/frisulindustria.com.br\/loja\/wp-json\/wp\/v2\/users\/1"}],"replies":[{"embeddable":true,"href":"https:\/\/frisulindustria.com.br\/loja\/wp-json\/wp\/v2\/comments?post=1642"}],"version-history":[{"count":18,"href":"https:\/\/frisulindustria.com.br\/loja\/wp-json\/wp\/v2\/pages\/1642\/revisions"}],"predecessor-version":[{"id":1817,"href":"https:\/\/frisulindustria.com.br\/loja\/wp-json\/wp\/v2\/pages\/1642\/revisions\/1817"}],"wp:attachment":[{"href":"https:\/\/frisulindustria.com.br\/loja\/wp-json\/wp\/v2\/media?parent=1642"}],"curies":[{"name":"wp","href":"https:\/\/api.w.org\/{rel}","templated":true}]}}